{"id":216,"date":"2023-10-10T15:53:48","date_gmt":"2023-10-10T13:53:48","guid":{"rendered":"https:\/\/energies-cosmiques.com\/?page_id=216"},"modified":"2024-10-09T18:32:21","modified_gmt":"2024-10-09T16:32:21","slug":"atelier-liberation-emotionnelle","status":"publish","type":"page","link":"https:\/\/energies-cosmiques.com\/index.php\/atelier-liberation-emotionnelle\/","title":{"rendered":"Atelier de lib\u00e9ration \u00e9motionnelle"},"content":{"rendered":"\n<figure class=\"wp-block-image size-full has-custom-border\"><img decoding=\"async\" src=\"https:\/\/energies-cosmiques.com\/wp-content\/uploads\/2023\/09\/cercle_liberation_emotionnelle-1.jpeg\" alt=\"\" class=\"has-border-color has-base-border-color wp-image-337\" style=\"border-width:1px;border-radius:7px\"\/><\/figure>\n\n\n\n<p class=\"has-text-align-left\" style=\"font-size:clamp(0.875em, 0.875rem + ((1vw - 0.2em) * 0.682), 1.25em);\">L\u2019atelier de lib\u00e9ration \u00e9motionnelle est un espace o\u00f9 chacun(e) est accueilli(e) dans un espace \u00e9nerg\u00e9tique de bienveillance, de douceur, d\u2019acceptation et de confiance. Cela permettant une plus libre lib\u00e9ration de ses \u00e9motions.&nbsp;<br>En effet, dans la vie, dans le quotidien, nous rencontrons tous des moments o\u00f9 nos \u00e9motions nous envahissent, et parfois nous ne savons pas quoi en faire, pas comment les apprivoiser, ni comment les transformer.<\/p>\n\n\n\n<p style=\"font-size:clamp(0.875em, 0.875rem + ((1vw - 0.2em) * 0.682), 1.25em);\">Il sera important parfois de commencer par identifier cette \u00e9motion, d\u2019en prendre conscience.<\/p>\n\n\n\n<p style=\"font-size:clamp(0.875em, 0.875rem + ((1vw - 0.2em) * 0.682), 1.25em);\">J\u2019utilise divers outils afin de permettre \u00e0 tous de se lib\u00e9rer, que ce soit la m\u00e9ditation, l\u2019\u00e9criture, l\u2019EFT ou tout autre outils qui varie en fonction des s\u00e9ances.&nbsp;<\/p>\n\n\n\n<p style=\"font-size:clamp(0.875em, 0.875rem + ((1vw - 0.2em) * 0.682), 1.25em);\">Le but \u00e9tant de venir d\u00e9poser ce qui nous emp\u00eache d\u2019avancer, ce qui nous bloque et dont nous n\u2019avons parfois m\u00eame pas conscience, et de repartir plus libre, plus l\u00e9ger(e).&nbsp;<\/p>\n\n\n\n<p style=\"font-size:clamp(0.875em, 0.875rem + ((1vw - 0.2em) * 0.682), 1.25em);\">L&rsquo;atelier dure entre 1h et 1h30.<br>Tarif : 15\u20ac<\/p>\n","protected":false},"excerpt":{"rendered":"<p>L\u2019atelier de lib\u00e9ration \u00e9motionnelle est un espace o\u00f9 chacun(e) est accueilli(e) dans un espace \u00e9nerg\u00e9tique de bienveillance, de douceur, d\u2019acceptation et de confiance. Cela permettant une plus libre lib\u00e9ration de ses \u00e9motions.&nbsp;En effet, dans la vie, dans le quotidien, nous rencontrons tous des moments o\u00f9 nos \u00e9motions nous envahissent, et parfois nous ne savons pas [&hellip;]<\/p>\n","protected":false},"author":2,"featured_media":0,"parent":0,"menu_order":0,"comment_status":"closed","ping_status":"closed","template":"","meta":{"ub_ctt_via":"","footnotes":""},"class_list":["post-216","page","type-page","status-publish","hentry"],"featured_image_src":null,"_links":{"self":[{"href":"https:\/\/energies-cosmiques.com\/index.php\/wp-json\/wp\/v2\/pages\/216","targetHints":{"allow":["GET"]}}],"collection":[{"href":"https:\/\/energies-cosmiques.com\/index.php\/wp-json\/wp\/v2\/pages"}],"about":[{"href":"https:\/\/energies-cosmiques.com\/index.php\/wp-json\/wp\/v2\/types\/page"}],"author":[{"embeddable":true,"href":"https:\/\/energies-cosmiques.com\/index.php\/wp-json\/wp\/v2\/users\/2"}],"replies":[{"embeddable":true,"href":"https:\/\/energies-cosmiques.com\/index.php\/wp-json\/wp\/v2\/comments?post=216"}],"version-history":[{"count":10,"href":"https:\/\/energies-cosmiques.com\/index.php\/wp-json\/wp\/v2\/pages\/216\/revisions"}],"predecessor-version":[{"id":471,"href":"https:\/\/energies-cosmiques.com\/index.php\/wp-json\/wp\/v2\/pages\/216\/revisions\/471"}],"wp:attachment":[{"href":"https:\/\/energies-cosmiques.com\/index.php\/wp-json\/wp\/v2\/media?parent=216"}],"curies":[{"name":"wp","href":"https:\/\/api.w.org\/{rel}","templated":true}]}}