{"id":227,"date":"2023-10-10T15:54:41","date_gmt":"2023-10-10T13:54:41","guid":{"rendered":"https:\/\/energies-cosmiques.com\/?page_id=227"},"modified":"2023-10-10T15:54:41","modified_gmt":"2023-10-10T13:54:41","slug":"cercle-femmes","status":"publish","type":"page","link":"https:\/\/energies-cosmiques.com\/index.php\/cercle-femmes\/","title":{"rendered":"Cercle de femmes"},"content":{"rendered":"\n<figure class=\"wp-block-gallery has-nested-images columns-default is-cropped wp-block-gallery-1 is-layout-flex wp-block-gallery-is-layout-flex\">\n<figure class=\"wp-block-image size-large has-custom-border\"><img loading=\"lazy\" decoding=\"async\" width=\"768\" height=\"1024\" data-id=\"230\" src=\"https:\/\/energies-cosmiques.com\/wp-content\/uploads\/2023\/06\/cerclefemmes2-768x1024.jpg\" alt=\"\" class=\"has-border-color has-base-border-color wp-image-230\" style=\"border-width:1px;border-radius:7px\" srcset=\"https:\/\/energies-cosmiques.com\/wp-content\/uploads\/2023\/06\/cerclefemmes2-768x1024.jpg 768w, https:\/\/energies-cosmiques.com\/wp-content\/uploads\/2023\/06\/cerclefemmes2-225x300.jpg 225w, https:\/\/energies-cosmiques.com\/wp-content\/uploads\/2023\/06\/cerclefemmes2-1152x1536.jpg 1152w, https:\/\/energies-cosmiques.com\/wp-content\/uploads\/2023\/06\/cerclefemmes2-1536x2048.jpg 1536w, https:\/\/energies-cosmiques.com\/wp-content\/uploads\/2023\/06\/cerclefemmes2-scaled.jpg 1920w\" sizes=\"auto, (max-width: 768px) 100vw, 768px\" \/><\/figure>\n\n\n\n<figure class=\"wp-block-image size-large has-custom-border\"><img loading=\"lazy\" decoding=\"async\" width=\"768\" height=\"1024\" data-id=\"229\" src=\"https:\/\/energies-cosmiques.com\/wp-content\/uploads\/2023\/06\/cerclefemmes3-768x1024.jpg\" alt=\"\" class=\"has-border-color has-base-border-color wp-image-229\" style=\"border-width:1px;border-radius:7px\" srcset=\"https:\/\/energies-cosmiques.com\/wp-content\/uploads\/2023\/06\/cerclefemmes3-768x1024.jpg 768w, https:\/\/energies-cosmiques.com\/wp-content\/uploads\/2023\/06\/cerclefemmes3-225x300.jpg 225w, https:\/\/energies-cosmiques.com\/wp-content\/uploads\/2023\/06\/cerclefemmes3-1152x1536.jpg 1152w, https:\/\/energies-cosmiques.com\/wp-content\/uploads\/2023\/06\/cerclefemmes3-1536x2048.jpg 1536w, https:\/\/energies-cosmiques.com\/wp-content\/uploads\/2023\/06\/cerclefemmes3-scaled.jpg 1920w\" sizes=\"auto, (max-width: 768px) 100vw, 768px\" \/><\/figure>\n<\/figure>\n\n\n\n<figure class=\"wp-block-image size-large has-custom-border\"><img loading=\"lazy\" decoding=\"async\" width=\"1024\" height=\"567\" src=\"https:\/\/energies-cosmiques.com\/wp-content\/uploads\/2023\/06\/relaxation-1-1024x567.jpg\" alt=\"\" class=\"has-border-color has-base-border-color wp-image-231\" style=\"border-width:1px;border-radius:7px\" srcset=\"https:\/\/energies-cosmiques.com\/wp-content\/uploads\/2023\/06\/relaxation-1-1024x567.jpg 1024w, https:\/\/energies-cosmiques.com\/wp-content\/uploads\/2023\/06\/relaxation-1-300x166.jpg 300w, https:\/\/energies-cosmiques.com\/wp-content\/uploads\/2023\/06\/relaxation-1-768x425.jpg 768w, https:\/\/energies-cosmiques.com\/wp-content\/uploads\/2023\/06\/relaxation-1.jpg 1212w\" sizes=\"auto, (max-width: 1024px) 100vw, 1024px\" \/><\/figure>\n\n\n\n<p style=\"font-size:clamp(0.875em, 0.875rem + ((1vw - 0.2em) * 0.682), 1.25em);\">Une fois par mois je propose aux femmes de se r\u00e9unir autour d\u2019un th\u00e8me pr\u00e9alablement choisi.&nbsp;<br>Durant ce temps, \u00e9coute, partage, bienveillance et respect sont \u00e0 l\u2019honneur afin que chacune se sente suffisamment en s\u00e9curit\u00e9 pour pouvoir parler de tout ce qu\u2019elle souhaite.&nbsp;<br>Toutes les femmes sont les bienvenues, quelque soit l\u2019\u00e2ge, la religion, la culture, l\u2019orientation sexuelle.&nbsp;<\/p>\n\n\n\n<p style=\"font-size:clamp(0.875em, 0.875rem + ((1vw - 0.2em) * 0.682), 1.25em);\">La r\u00e9gularit\u00e9 dans la participation est conseill\u00e9e car elle forge le groupe.&nbsp;<\/p>\n\n\n\n<p class=\"has-text-align-left\" style=\"font-size:clamp(0.875em, 0.875rem + ((1vw - 0.2em) * 0.682), 1.25em);\">La s\u00e9ance dure entre 1h30 et 2h.<\/p>\n\n\n\n<p style=\"font-size:clamp(0.875em, 0.875rem + ((1vw - 0.2em) * 0.682), 1.25em);\">Tarifs* : Prix solidaire 10\u20ac \/ Prix juste 15\u20ac \/ Prix de soutien 20\u20ac<\/p>\n","protected":false},"excerpt":{"rendered":"<p>Une fois par mois je propose aux femmes de se r\u00e9unir autour d\u2019un th\u00e8me pr\u00e9alablement choisi.&nbsp;Durant ce temps, \u00e9coute, partage, bienveillance et respect sont \u00e0 l\u2019honneur afin que chacune se sente suffisamment en s\u00e9curit\u00e9 pour pouvoir parler de tout ce qu\u2019elle souhaite.&nbsp;Toutes les femmes sont les bienvenues, quelque soit l\u2019\u00e2ge, la religion, la culture, l\u2019orientation [&hellip;]<\/p>\n","protected":false},"author":2,"featured_media":0,"parent":0,"menu_order":0,"comment_status":"closed","ping_status":"closed","template":"","meta":{"ub_ctt_via":"","footnotes":""},"class_list":["post-227","page","type-page","status-publish","hentry"],"featured_image_src":null,"_links":{"self":[{"href":"https:\/\/energies-cosmiques.com\/index.php\/wp-json\/wp\/v2\/pages\/227","targetHints":{"allow":["GET"]}}],"collection":[{"href":"https:\/\/energies-cosmiques.com\/index.php\/wp-json\/wp\/v2\/pages"}],"about":[{"href":"https:\/\/energies-cosmiques.com\/index.php\/wp-json\/wp\/v2\/types\/page"}],"author":[{"embeddable":true,"href":"https:\/\/energies-cosmiques.com\/index.php\/wp-json\/wp\/v2\/users\/2"}],"replies":[{"embeddable":true,"href":"https:\/\/energies-cosmiques.com\/index.php\/wp-json\/wp\/v2\/comments?post=227"}],"version-history":[{"count":4,"href":"https:\/\/energies-cosmiques.com\/index.php\/wp-json\/wp\/v2\/pages\/227\/revisions"}],"predecessor-version":[{"id":375,"href":"https:\/\/energies-cosmiques.com\/index.php\/wp-json\/wp\/v2\/pages\/227\/revisions\/375"}],"wp:attachment":[{"href":"https:\/\/energies-cosmiques.com\/index.php\/wp-json\/wp\/v2\/media?parent=227"}],"curies":[{"name":"wp","href":"https:\/\/api.w.org\/{rel}","templated":true}]}}