{"id":260,"date":"2023-10-10T15:54:22","date_gmt":"2023-10-10T13:54:22","guid":{"rendered":"https:\/\/energies-cosmiques.com\/?page_id=260"},"modified":"2024-10-09T18:51:06","modified_gmt":"2024-10-09T16:51:06","slug":"blog","status":"publish","type":"page","link":"https:\/\/energies-cosmiques.com\/index.php\/blog\/","title":{"rendered":"Blog"},"content":{"rendered":"\n<div class=\"wp-block-group alignfull has-contrast-color has-text-color has-link-color wp-elements-6ba2b6dc653bc7fa179f53f2a661dcfb has-global-padding is-layout-constrained wp-block-group-is-layout-constrained\" style=\"margin-top:0px;margin-bottom:0px;padding-top:5rem;padding-bottom:10rem\">\n<div class=\"wp-block-query alignwide is-layout-flow wp-block-query-is-layout-flow\"><ul style=\"font-size:clamp(1.25em, 1.25rem + ((1vw - 0.2em) * 1.364), 2em);\" class=\"is-flex-container columns-3 wp-block-post-template has-libre-baskerville-font-family is-layout-flow wp-block-post-template-is-layout-flow\"><li class=\"wp-block-post post-595 post type-post status-publish format-standard has-post-thumbnail hentry category-non-classe\">\n\n<div class=\"wp-block-group is-layout-flow wp-container-core-group-is-layout-1 wp-block-group-is-layout-flow\" style=\"padding-bottom:1.5rem\"><figure style=\"width:300px;height:200px;\" class=\"wp-block-post-featured-image\"><a href=\"https:\/\/energies-cosmiques.com\/index.php\/2025\/04\/21\/comment-se-reconnecter-a-soi-au-quotidien-meme-quand-on-est-debordee\/\" target=\"_self\"  style=\"height:200px\"><img loading=\"lazy\" decoding=\"async\" width=\"1080\" height=\"1080\" src=\"https:\/\/energies-cosmiques.com\/wp-content\/uploads\/2025\/04\/66.png\" class=\"attachment-post-thumbnail size-post-thumbnail wp-post-image\" alt=\"Comment se reconnecter \u00e0 soi au quotidien (m\u00eame quand on est d\u00e9bord\u00e9e)\" style=\"height:200px;object-fit:cover;\" srcset=\"https:\/\/energies-cosmiques.com\/wp-content\/uploads\/2025\/04\/66.png 1080w, https:\/\/energies-cosmiques.com\/wp-content\/uploads\/2025\/04\/66-300x300.png 300w, https:\/\/energies-cosmiques.com\/wp-content\/uploads\/2025\/04\/66-1024x1024.png 1024w, https:\/\/energies-cosmiques.com\/wp-content\/uploads\/2025\/04\/66-150x150.png 150w, https:\/\/energies-cosmiques.com\/wp-content\/uploads\/2025\/04\/66-768x768.png 768w\" sizes=\"auto, (max-width: 1080px) 100vw, 1080px\" \/><\/a><\/figure>\n\n<h2 style=\"line-height:1.3;\" class=\"has-link-color wp-elements-d30900cb37e0d4917eebcceee77b6853 wp-block-post-title has-medium-font-size\"><a href=\"https:\/\/energies-cosmiques.com\/index.php\/2025\/04\/21\/comment-se-reconnecter-a-soi-au-quotidien-meme-quand-on-est-debordee\/\" target=\"_self\" >Comment se reconnecter \u00e0 soi au quotidien (m\u00eame quand on est d\u00e9bord\u00e9e)<\/a><\/h2>\n\n<div class=\"wp-block-post-excerpt has-small-font-size\"><p class=\"wp-block-post-excerpt__excerpt\">Cet article est une invitation. Une invitation \u00e0 retrouver un chemin vers toi \u2014 sans pression, sans culpabilit\u00e9, \u00e0 travers de petits gestes simples mais puissants. <a class=\"wp-block-post-excerpt__more-link\" href=\"https:\/\/energies-cosmiques.com\/index.php\/2025\/04\/21\/comment-se-reconnecter-a-soi-au-quotidien-meme-quand-on-est-debordee\/\">Read more<\/a><\/p><\/div>\n\n<div class=\"wp-block-post-date has-small-font-size\"><time datetime=\"2025-04-21T09:13:06+04:00\">21 avril 2025<\/time><\/div><\/div>\n\n<\/li><li class=\"wp-block-post post-566 post type-post status-publish format-standard has-post-thumbnail hentry category-non-classe\">\n\n<div class=\"wp-block-group is-layout-flow wp-container-core-group-is-layout-2 wp-block-group-is-layout-flow\" style=\"padding-bottom:1.5rem\"><figure style=\"width:300px;height:200px;\" class=\"wp-block-post-featured-image\"><a href=\"https:\/\/energies-cosmiques.com\/index.php\/2025\/04\/16\/pourquoi-prendre-du-temps-pour-soi-nest-pas-egoiste-et-comment-commencer\/\" target=\"_self\"  style=\"height:200px\"><img loading=\"lazy\" decoding=\"async\" width=\"1080\" height=\"1080\" src=\"https:\/\/energies-cosmiques.com\/wp-content\/uploads\/2025\/04\/71.png\" class=\"attachment-post-thumbnail size-post-thumbnail wp-post-image\" alt=\"Pourquoi prendre du temps pour soi n\u2019est pas \u00e9go\u00efste (et comment commencer)\" style=\"height:200px;object-fit:cover;\" srcset=\"https:\/\/energies-cosmiques.com\/wp-content\/uploads\/2025\/04\/71.png 1080w, https:\/\/energies-cosmiques.com\/wp-content\/uploads\/2025\/04\/71-300x300.png 300w, https:\/\/energies-cosmiques.com\/wp-content\/uploads\/2025\/04\/71-1024x1024.png 1024w, https:\/\/energies-cosmiques.com\/wp-content\/uploads\/2025\/04\/71-150x150.png 150w, https:\/\/energies-cosmiques.com\/wp-content\/uploads\/2025\/04\/71-768x768.png 768w\" sizes=\"auto, (max-width: 1080px) 100vw, 1080px\" \/><\/a><\/figure>\n\n<h2 style=\"line-height:1.3;\" class=\"has-link-color wp-elements-d30900cb37e0d4917eebcceee77b6853 wp-block-post-title has-medium-font-size\"><a href=\"https:\/\/energies-cosmiques.com\/index.php\/2025\/04\/16\/pourquoi-prendre-du-temps-pour-soi-nest-pas-egoiste-et-comment-commencer\/\" target=\"_self\" >Pourquoi prendre du temps pour soi n\u2019est pas \u00e9go\u00efste (et comment commencer)<\/a><\/h2>\n\n<div class=\"wp-block-post-excerpt has-small-font-size\"><p class=\"wp-block-post-excerpt__excerpt\">Non, ce n\u2019est pas \u00e9go\u00efste de penser \u00e0 soi. C\u2019est m\u00eame une preuve de maturit\u00e9 et de responsabilit\u00e9. Car comment veux-tu \u00eatre pleinement pr\u00e9sente pour les autres si tu es constamment vid\u00e9e, \u00e9puis\u00e9e, frustr\u00e9e ? <a class=\"wp-block-post-excerpt__more-link\" href=\"https:\/\/energies-cosmiques.com\/index.php\/2025\/04\/16\/pourquoi-prendre-du-temps-pour-soi-nest-pas-egoiste-et-comment-commencer\/\">Read more<\/a><\/p><\/div>\n\n<div class=\"wp-block-post-date has-small-font-size\"><time datetime=\"2025-04-16T12:51:36+04:00\">16 avril 2025<\/time><\/div><\/div>\n\n<\/li><li class=\"wp-block-post post-560 post type-post status-publish format-standard has-post-thumbnail hentry category-non-classe\">\n\n<div class=\"wp-block-group is-layout-flow wp-container-core-group-is-layout-3 wp-block-group-is-layout-flow\" style=\"padding-bottom:1.5rem\"><figure style=\"width:300px;height:200px;\" class=\"wp-block-post-featured-image\"><a href=\"https:\/\/energies-cosmiques.com\/index.php\/2025\/04\/11\/ma-vision-des-cercles-de-femmes-pourquoi-jy-crois-et-ce-que-jy-transmets\/\" target=\"_self\"  style=\"height:200px\"><img loading=\"lazy\" decoding=\"async\" width=\"1170\" height=\"1056\" src=\"https:\/\/energies-cosmiques.com\/wp-content\/uploads\/2025\/04\/unnamed-file.png\" class=\"attachment-post-thumbnail size-post-thumbnail wp-post-image\" alt=\"Ma vision des cercles de femmes : pourquoi j\u2019y crois, et ce que j\u2019y transmets\" style=\"height:200px;object-fit:cover;\" srcset=\"https:\/\/energies-cosmiques.com\/wp-content\/uploads\/2025\/04\/unnamed-file.png 1170w, https:\/\/energies-cosmiques.com\/wp-content\/uploads\/2025\/04\/unnamed-file-300x271.png 300w, https:\/\/energies-cosmiques.com\/wp-content\/uploads\/2025\/04\/unnamed-file-1024x924.png 1024w, https:\/\/energies-cosmiques.com\/wp-content\/uploads\/2025\/04\/unnamed-file-768x693.png 768w\" sizes=\"auto, (max-width: 1170px) 100vw, 1170px\" \/><\/a><\/figure>\n\n<h2 style=\"line-height:1.3;\" class=\"has-link-color wp-elements-d30900cb37e0d4917eebcceee77b6853 wp-block-post-title has-medium-font-size\"><a href=\"https:\/\/energies-cosmiques.com\/index.php\/2025\/04\/11\/ma-vision-des-cercles-de-femmes-pourquoi-jy-crois-et-ce-que-jy-transmets\/\" target=\"_self\" >Ma vision des cercles de femmes : pourquoi j\u2019y crois, et ce que j\u2019y transmets<\/a><\/h2>\n\n<div class=\"wp-block-post-excerpt has-small-font-size\"><p class=\"wp-block-post-excerpt__excerpt\">Cet article s\u2019adresse aux femmes en recherche de lien, de sororit\u00e9, de sens. Celles qui se sentent parfois seules, diff\u00e9rentes, incomprises\u2026 et qui ont soif de connexions vraies. <a class=\"wp-block-post-excerpt__more-link\" href=\"https:\/\/energies-cosmiques.com\/index.php\/2025\/04\/11\/ma-vision-des-cercles-de-femmes-pourquoi-jy-crois-et-ce-que-jy-transmets\/\">Read more<\/a><\/p><\/div>\n\n<div class=\"wp-block-post-date has-small-font-size\"><time datetime=\"2025-04-11T07:00:00+04:00\">11 avril 2025<\/time><\/div><\/div>\n\n<\/li><li class=\"wp-block-post post-557 post type-post status-publish format-standard has-post-thumbnail hentry category-non-classe\">\n\n<div class=\"wp-block-group is-layout-flow wp-container-core-group-is-layout-4 wp-block-group-is-layout-flow\" style=\"padding-bottom:1.5rem\"><figure style=\"width:300px;height:200px;\" class=\"wp-block-post-featured-image\"><a href=\"https:\/\/energies-cosmiques.com\/index.php\/2025\/04\/04\/pourquoi-jai-choisi-de-devenir-coach-une-quete-de-sens-de-concret-et-dauthenticite\/\" target=\"_self\"  style=\"height:200px\"><img loading=\"lazy\" decoding=\"async\" width=\"1280\" height=\"960\" src=\"https:\/\/energies-cosmiques.com\/wp-content\/uploads\/2025\/04\/0537d6bb-5e1d-439b-b5d7-15ae6e732e2f.jpg\" class=\"attachment-post-thumbnail size-post-thumbnail wp-post-image\" alt=\"Pourquoi j\u2019ai choisi de devenir coach : une qu\u00eate de sens, de concret et d\u2019authenticit\u00e9\" style=\"height:200px;object-fit:cover;\" srcset=\"https:\/\/energies-cosmiques.com\/wp-content\/uploads\/2025\/04\/0537d6bb-5e1d-439b-b5d7-15ae6e732e2f.jpg 1280w, https:\/\/energies-cosmiques.com\/wp-content\/uploads\/2025\/04\/0537d6bb-5e1d-439b-b5d7-15ae6e732e2f-300x225.jpg 300w, https:\/\/energies-cosmiques.com\/wp-content\/uploads\/2025\/04\/0537d6bb-5e1d-439b-b5d7-15ae6e732e2f-1024x768.jpg 1024w, https:\/\/energies-cosmiques.com\/wp-content\/uploads\/2025\/04\/0537d6bb-5e1d-439b-b5d7-15ae6e732e2f-768x576.jpg 768w\" sizes=\"auto, (max-width: 1280px) 100vw, 1280px\" \/><\/a><\/figure>\n\n<h2 style=\"line-height:1.3;\" class=\"has-link-color wp-elements-d30900cb37e0d4917eebcceee77b6853 wp-block-post-title has-medium-font-size\"><a href=\"https:\/\/energies-cosmiques.com\/index.php\/2025\/04\/04\/pourquoi-jai-choisi-de-devenir-coach-une-quete-de-sens-de-concret-et-dauthenticite\/\" target=\"_self\" >Pourquoi j\u2019ai choisi de devenir coach : une qu\u00eate de sens, de concret et d\u2019authenticit\u00e9<\/a><\/h2>\n\n<div class=\"wp-block-post-excerpt has-small-font-size\"><p class=\"wp-block-post-excerpt__excerpt\">Actuellement, j\u2019organise des cercles de femmes \u00e0 La R\u00e9union, des cercles de nouvelle lune et des ateliers de lib\u00e9ration \u00e9motionnelle. Je partage r\u00e9guli\u00e8rement sur les r\u00e9seaux sociaux des astuces bien-\u00eatre, des actions motivantes et des rappels doux pour prendre soin de soi. Aujourd\u2019hui, j\u2019ai envie de partager mon cheminement, pour te montrer qu\u2019un parcours n\u2019a\u2026 <a class=\"wp-block-post-excerpt__more-link\" href=\"https:\/\/energies-cosmiques.com\/index.php\/2025\/04\/04\/pourquoi-jai-choisi-de-devenir-coach-une-quete-de-sens-de-concret-et-dauthenticite\/\">Read more<\/a><\/p><\/div>\n\n<div class=\"wp-block-post-date has-small-font-size\"><time datetime=\"2025-04-04T14:16:11+04:00\">4 avril 2025<\/time><\/div><\/div>\n\n<\/li><li class=\"wp-block-post post-533 post type-post status-publish format-standard has-post-thumbnail hentry category-non-classe\">\n\n<div class=\"wp-block-group is-layout-flow wp-container-core-group-is-layout-5 wp-block-group-is-layout-flow\" style=\"padding-bottom:1.5rem\"><figure style=\"width:300px;height:200px;\" class=\"wp-block-post-featured-image\"><a href=\"https:\/\/energies-cosmiques.com\/index.php\/2025\/04\/03\/les-cercles-de-femmes-un-espace-puissant-de-transformation\/\" target=\"_self\"  style=\"height:200px\"><img loading=\"lazy\" decoding=\"async\" width=\"2560\" height=\"1920\" src=\"https:\/\/energies-cosmiques.com\/wp-content\/uploads\/2024\/10\/IMG_5265-scaled.jpg\" class=\"attachment-post-thumbnail size-post-thumbnail wp-post-image\" alt=\"Les cercles de femmes : un espace puissant de transformation\" style=\"height:200px;object-fit:cover;\" srcset=\"https:\/\/energies-cosmiques.com\/wp-content\/uploads\/2024\/10\/IMG_5265-scaled.jpg 2560w, https:\/\/energies-cosmiques.com\/wp-content\/uploads\/2024\/10\/IMG_5265-300x225.jpg 300w, https:\/\/energies-cosmiques.com\/wp-content\/uploads\/2024\/10\/IMG_5265-1024x768.jpg 1024w, https:\/\/energies-cosmiques.com\/wp-content\/uploads\/2024\/10\/IMG_5265-768x576.jpg 768w, https:\/\/energies-cosmiques.com\/wp-content\/uploads\/2024\/10\/IMG_5265-1536x1152.jpg 1536w, https:\/\/energies-cosmiques.com\/wp-content\/uploads\/2024\/10\/IMG_5265-2048x1536.jpg 2048w\" sizes=\"auto, (max-width: 2560px) 100vw, 2560px\" \/><\/a><\/figure>\n\n<h2 style=\"line-height:1.3;\" class=\"has-link-color wp-elements-d30900cb37e0d4917eebcceee77b6853 wp-block-post-title has-medium-font-size\"><a href=\"https:\/\/energies-cosmiques.com\/index.php\/2025\/04\/03\/les-cercles-de-femmes-un-espace-puissant-de-transformation\/\" target=\"_self\" >Les cercles de femmes : un espace puissant de transformation<\/a><\/h2>\n\n<div class=\"wp-block-post-excerpt has-small-font-size\"><p class=\"wp-block-post-excerpt__excerpt\">(Pourquoi se r\u00e9unir entre femmes change nos vies) Depuis des si\u00e8cles, les femmes se rassemblent pour partager, se soutenir et grandir ensemble. Aujourd\u2019hui, les cercles de femmes renaissent et offrent un espace s\u00fbr pour se reconnecter \u00e0 soi et aux autres. Dans cet article, je te partage pourquoi ces cercles sont si pr\u00e9cieux et comment\u2026 <a class=\"wp-block-post-excerpt__more-link\" href=\"https:\/\/energies-cosmiques.com\/index.php\/2025\/04\/03\/les-cercles-de-femmes-un-espace-puissant-de-transformation\/\">Read more<\/a><\/p><\/div>\n\n<div class=\"wp-block-post-date has-small-font-size\"><time datetime=\"2025-04-03T23:49:46+04:00\">3 avril 2025<\/time><\/div><\/div>\n\n<\/li><\/ul>\n\n<\/div>\n<\/div>\n\n\n\n<div class=\"wp-block-media-text alignwide is-stacked-on-mobile\"><figure class=\"wp-block-media-text__media\"><\/figure><div class=\"wp-block-media-text__content\">\n<p><font _mstmutation=\"1\"><\/p>\n\n\n\n<p><font _mstmutation=\"1\"><\/p>\n<\/div><\/div>\n","protected":false},"excerpt":{"rendered":"","protected":false},"author":2,"featured_media":0,"parent":0,"menu_order":0,"comment_status":"closed","ping_status":"closed","template":"","meta":{"ub_ctt_via":"","footnotes":""},"class_list":["post-260","page","type-page","status-publish","hentry"],"featured_image_src":null,"_links":{"self":[{"href":"https:\/\/energies-cosmiques.com\/index.php\/wp-json\/wp\/v2\/pages\/260","targetHints":{"allow":["GET"]}}],"collection":[{"href":"https:\/\/energies-cosmiques.com\/index.php\/wp-json\/wp\/v2\/pages"}],"about":[{"href":"https:\/\/energies-cosmiques.com\/index.php\/wp-json\/wp\/v2\/types\/page"}],"author":[{"embeddable":true,"href":"https:\/\/energies-cosmiques.com\/index.php\/wp-json\/wp\/v2\/users\/2"}],"replies":[{"embeddable":true,"href":"https:\/\/energies-cosmiques.com\/index.php\/wp-json\/wp\/v2\/comments?post=260"}],"version-history":[{"count":8,"href":"https:\/\/energies-cosmiques.com\/index.php\/wp-json\/wp\/v2\/pages\/260\/revisions"}],"predecessor-version":[{"id":486,"href":"https:\/\/energies-cosmiques.com\/index.php\/wp-json\/wp\/v2\/pages\/260\/revisions\/486"}],"wp:attachment":[{"href":"https:\/\/energies-cosmiques.com\/index.php\/wp-json\/wp\/v2\/media?parent=260"}],"curies":[{"name":"wp","href":"https:\/\/api.w.org\/{rel}","templated":true}]}}